{"id":1890,"date":"2025-02-03T13:21:45","date_gmt":"2025-02-03T12:21:45","guid":{"rendered":"https:\/\/www.srweldingsteel.com\/schweisserschule\/geschicklichkeitstests\/"},"modified":"2025-08-14T12:04:28","modified_gmt":"2025-08-14T10:04:28","slug":"geschicklichkeitstests","status":"publish","type":"page","link":"https:\/\/www.srweldingsteel.com\/de\/schweisserschule\/geschicklichkeitstests\/","title":{"rendered":"Skilltests"},"content":{"rendered":"<div class=\"wpb-content-wrapper\"><p>[vc_row][vc_column]\t\t\t<link rel=\"stylesheet\" id=\"wd-section-title-css\" href=\"https:\/\/www.srweldingsteel.com\/wp-content\/themes\/woodmart\/css\/parts\/el-section-title.min.css?ver=7.2.5\" type=\"text\/css\" media=\"all\" \/> \t\t\t\t\t\t<link rel=\"stylesheet\" id=\"wd-mod-highlighted-text-css\" href=\"https:\/\/www.srweldingsteel.com\/wp-content\/themes\/woodmart\/css\/parts\/mod-highlighted-text.min.css?ver=7.2.5\" type=\"text\/css\" media=\"all\" \/> \t\t\t\n\t\t<div id=\"wd-679a2573d4af3\" class=\"title-wrapper wd-wpb set-mb-s reset-last-child  wd-rs-679a2573d4af3 wd-title-color-default wd-title-style-default text-left title-double-color-blue  wd-underline-colored\">\n\t\t\t\n\t\t\t<div class=\"liner-continer\">\n\t\t\t\t<h1 class=\"woodmart-title-container title  wd-font-weight- wd-fontsize-l\" >Skilltests<\/h1>\n\t\t\t\t\t\t\t<\/div>\n\t\t\t\n\t\t\t\n\t\t\t\n\t\t<\/div>\n\t\t\n\t\t\t\t\t<link rel=\"stylesheet\" id=\"wd-text-block-css\" href=\"https:\/\/www.srweldingsteel.com\/wp-content\/themes\/woodmart\/css\/parts\/el-text-block.min.css?ver=7.2.5\" type=\"text\/css\" media=\"all\" \/> \t\t\t\t\t<div id=\"wd-679a258656d75\" class=\"wd-text-block wd-wpb reset-last-child wd-rs-679a258656d75 text-left \">\n\t\t\t<p>Wir bieten die M\u00f6glichkeit, Arbeitsproben f\u00fcr externe Unternehmen durchzuf\u00fchren, die die F\u00e4higkeiten ihrer Mitarbeiter effektiv \u00fcberpr\u00fcfen m\u00f6chten. Wir stellen eine professionelle Testumgebung und Ausr\u00fcstung zur Verf\u00fcgung, die es Arbeitgebern erm\u00f6glicht, sich ein genaues Bild vom Qualifikationsniveau ihrer Mitarbeiter zu machen und so sicherzustellen, dass sie wirklich qualifizierte Fachkr\u00e4fte f\u00fcr ihre Projekte einsetzen.<\/p>\n\t\t<\/div>\n\t\t[\/vc_column][\/vc_row][vc_row equal_height=&#8220;yes&#8220; woodmart_bg_position=&#8220;right-center&#8220; css=&#8220;.vc_custom_1738155592611{margin-top: 80px !important;margin-bottom: 80px !important;padding-left: 32px !important;background-color: #ffffff !important;background-position: center !important;background-repeat: no-repeat !important;background-size: contain !important;}&#8220; woodmart_css_id=&#8220;679a263f5f7fc&#8220; responsive_spacing=&#8220;eyJwYXJhbV90eXBlIjoid29vZG1hcnRfcmVzcG9uc2l2ZV9zcGFjaW5nIiwic2VsZWN0b3JfaWQiOiI2NzlhMjYzZjVmN2ZjIiwic2hvcnRjb2RlIjoidmNfcm93IiwiZGF0YSI6eyJ0YWJsZXQiOnsicGFkZGluZy10b3AiOiIwcHgiLCJwYWRkaW5nLXJpZ2h0IjoiMHB4IiwicGFkZGluZy1ib3R0b20iOiIwcHgiLCJwYWRkaW5nLWxlZnQiOiIwcHgifSwibW9iaWxlIjp7InBhZGRpbmctdG9wIjoiMHB4IiwicGFkZGluZy1yaWdodCI6IjBweCIsInBhZGRpbmctYm90dG9tIjoiMHB4IiwicGFkZGluZy1sZWZ0IjoiMHB4In19fQ==&#8220; mobile_bg_img_hidden=&#8220;yes&#8220; tablet_bg_img_hidden=&#8220;yes&#8220; woodmart_parallax=&#8220;0&#8243; woodmart_gradient_switch=&#8220;no&#8220; woodmart_box_shadow=&#8220;yes&#8220; wd_box_shadow=&#8220;eyJkZXZpY2VzIjp7ImRlc2t0b3AiOnsiaG9yaXpvbnRhbCI6IjAiLCJ2ZXJ0aWNhbCI6IjE2IiwiYmx1ciI6IjIzIiwic3ByZWFkIjoiMCIsImNvbG9yIjoicmdiYSgwLCAwLCAwLCAuMTUpIn19fQ==&#8220; wd_z_index=&#8220;no&#8220; woodmart_disable_overflow=&#8220;0&#8243; row_reverse_mobile=&#8220;0&#8243; row_reverse_tablet=&#8220;0&#8243;][vc_column woodmart_css_id=&#8220;67988989bc277&#8243; parallax_scroll=&#8220;no&#8220; woodmart_sticky_column=&#8220;false&#8220; wd_collapsible_content_switcher=&#8220;no&#8220; wd_column_role_offcanvas_desktop=&#8220;no&#8220; wd_column_role_offcanvas_tablet=&#8220;no&#8220; wd_column_role_offcanvas_mobile=&#8220;no&#8220; wd_column_role_content_desktop=&#8220;no&#8220; wd_column_role_content_tablet=&#8220;no&#8220; wd_column_role_content_mobile=&#8220;no&#8220; mobile_bg_img_hidden=&#8220;no&#8220; tablet_bg_img_hidden=&#8220;no&#8220; woodmart_parallax=&#8220;0&#8243; woodmart_box_shadow=&#8220;no&#8220; responsive_spacing=&#8220;eyJwYXJhbV90eXBlIjoid29vZG1hcnRfcmVzcG9uc2l2ZV9zcGFjaW5nIiwic2VsZWN0b3JfaWQiOiI2Nzk4ODk4OWJjMjc3Iiwic2hvcnRjb2RlIjoidmNfY29sdW1uIiwiZGF0YSI6eyJ0YWJsZXQiOnt9LCJtb2JpbGUiOnt9fX0=&#8220; mobile_reset_margin=&#8220;no&#8220; tablet_reset_margin=&#8220;no&#8220; wd_z_index=&#8220;no&#8220; el_class=&#8220;center-content-col&#8220; css=&#8220;.vc_custom_1738049935308{padding-bottom: 32px !important;}&#8220;]\n\t\t<div id=\"wd-679a25bde1d0b\" class=\"title-wrapper wd-wpb set-mb-s reset-last-child  wd-rs-679a25bde1d0b wd-title-color-default wd-title-style-default text-left title-double-color text-center  wd-underline-colored\">\n\t\t\t\n\t\t\t<div class=\"liner-continer\">\n\t\t\t\t<h3 class=\"woodmart-title-container title  wd-font-weight- wd-fontsize-l\" >Senden Sie uns eine unverbindliche Anfrage und wir erstellen Ihnen ein ma\u00dfgeschneidertes Angebot.<\/h3>\n\t\t\t\t\t\t\t<\/div>\n\t\t\t\n\t\t\t\n\t\t\t\n\t\t<\/div>\n\t\t\n\t\t<div id=\"wd-679a260d38f5a\" class=\" wd-rs-679a260d38f5a vc_custom_1738155540959 wd-button-wrapper text-left\"><a href=\"https:\/\/www.srweldingsteel.com\/de\/kontakt\/\" title=\"Kontakt\" class=\"btn btn-scheme-light btn-scheme-hover-light btn-style-default btn-style-semi-round btn-size-large btn-icon-pos-right\">Anfrage senden<span class=\"wd-btn-icon\"><span class=\"wd-icon fas fa-caret-right\"><\/span><\/span><\/a><\/div>[\/vc_column][\/vc_row]<\/p>\n<\/div>","protected":false},"excerpt":{"rendered":"<p>[vc_row][vc_column][\/vc_column][\/vc_row][vc_row equal_height=&#8220;yes&#8220; woodmart_bg_positi...","protected":false},"author":1,"featured_media":0,"parent":1316,"menu_order":0,"comment_status":"closed","ping_status":"closed","template":"","meta":{"_acf_changed":false,"footnotes":""},"class_list":["post-1890","page","type-page","status-publish","hentry"],"acf":[],"yoast_head":"<!-- This site is optimized with the Yoast SEO plugin v23.6 - https:\/\/yoast.com\/wordpress\/plugins\/seo\/ -->\n<title>Skilltests | S.R.-WELDINGSTEEL<\/title>\n<meta name=\"robots\" content=\"index, follow, max-snippet:-1, max-image-preview:large, max-video-preview:-1\" \/>\n<link rel=\"canonical\" href=\"https:\/\/www.srweldingsteel.com\/de\/schweisserschule\/geschicklichkeitstests\/\" \/>\n<meta property=\"og:locale\" content=\"de_DE\" \/>\n<meta property=\"og:type\" content=\"article\" \/>\n<meta property=\"og:title\" content=\"Skilltests | S.R.-WELDINGSTEEL\" \/>\n<meta property=\"og:description\" content=\"[vc_row][vc_column][\/vc_column][\/vc_row][vc_row equal_height=&#8220;yes&#8220; woodmart_bg_position=&#8220;right-center&#8220; css=&#8220;.vc_custom_1738155592611{margin-top: 80px !important;margin-bottom: 80px !important;padding-left: 32px !important;background-color: #ffffff !important;background-position: center !important;background-repeat: no-repeat !important;background-size: contain !important;}&#8220; woodmart_css_id=&#8220;679a263f5f7fc&#8220; responsive_spacing=&#8220;eyJwYXJhbV90eXBlIjoid29vZG1hcnRfcmVzcG9uc2l2ZV9zcGFjaW5nIiwic2VsZWN0b3JfaWQiOiI2NzlhMjYzZjVmN2ZjIiwic2hvcnRjb2RlIjoidmNfcm93IiwiZGF0YSI6eyJ0YWJsZXQiOnsicGFkZGluZy10b3AiOiIwcHgiLCJwYWRkaW5nLXJpZ2h0IjoiMHB4IiwicGFkZGluZy1ib3R0b20iOiIwcHgiLCJwYWRkaW5nLWxlZnQiOiIwcHgifSwibW9iaWxlIjp7InBhZGRpbmctdG9wIjoiMHB4IiwicGFkZGluZy1yaWdodCI6IjBweCIsInBhZGRpbmctYm90dG9tIjoiMHB4IiwicGFkZGluZy1sZWZ0IjoiMHB4In19fQ==&#8220;\" \/>\n<meta property=\"og:url\" content=\"https:\/\/www.srweldingsteel.com\/de\/schweisserschule\/geschicklichkeitstests\/\" \/>\n<meta property=\"og:site_name\" content=\"S.R.-WELDINGSTEEL\" \/>\n<meta property=\"article:publisher\" content=\"https:\/\/www.facebook.com\/srweldingsteel\" \/>\n<meta property=\"article:modified_time\" content=\"2025-08-14T10:04:28+00:00\" \/>\n<meta property=\"og:image\" content=\"https:\/\/www.srweldingsteel.com\/wp-content\/uploads\/2023\/11\/individual-approach.png\" \/>\n\t<meta property=\"og:image:width\" content=\"704\" \/>\n\t<meta property=\"og:image:height\" content=\"480\" \/>\n\t<meta property=\"og:image:type\" content=\"image\/png\" \/>\n<meta name=\"twitter:card\" content=\"summary_large_image\" \/>\n<meta name=\"twitter:label1\" content=\"Gesch\u00e4tzte Lesezeit\" \/>\n\t<meta name=\"twitter:data1\" content=\"5\u00a0Minuten\" \/>\n<script type=\"application\/ld+json\" class=\"yoast-schema-graph\">{\"@context\":\"https:\/\/schema.org\",\"@graph\":[{\"@type\":\"WebPage\",\"@id\":\"https:\/\/www.srweldingsteel.com\/de\/schweisserschule\/geschicklichkeitstests\/\",\"url\":\"https:\/\/www.srweldingsteel.com\/de\/schweisserschule\/geschicklichkeitstests\/\",\"name\":\"Skilltests | S.R.-WELDINGSTEEL\",\"isPartOf\":{\"@id\":\"https:\/\/www.srweldingsteel.com\/#website\"},\"datePublished\":\"2025-02-03T12:21:45+00:00\",\"dateModified\":\"2025-08-14T10:04:28+00:00\",\"breadcrumb\":{\"@id\":\"https:\/\/www.srweldingsteel.com\/de\/schweisserschule\/geschicklichkeitstests\/#breadcrumb\"},\"inLanguage\":\"de\",\"potentialAction\":[{\"@type\":\"ReadAction\",\"target\":[\"https:\/\/www.srweldingsteel.com\/de\/schweisserschule\/geschicklichkeitstests\/\"]}]},{\"@type\":\"BreadcrumbList\",\"@id\":\"https:\/\/www.srweldingsteel.com\/de\/schweisserschule\/geschicklichkeitstests\/#breadcrumb\",\"itemListElement\":[{\"@type\":\"ListItem\",\"position\":1,\"name\":\"Domov\",\"item\":\"https:\/\/www.srweldingsteel.com\/\"},{\"@type\":\"ListItem\",\"position\":2,\"name\":\"Schwei\u00dferschule\",\"item\":\"https:\/\/www.srweldingsteel.com\/de\/schweisserschule\/\"},{\"@type\":\"ListItem\",\"position\":3,\"name\":\"Skilltests\"}]},{\"@type\":\"WebSite\",\"@id\":\"https:\/\/www.srweldingsteel.com\/#website\",\"url\":\"https:\/\/www.srweldingsteel.com\/\",\"name\":\"S.R.-WELDINGSTEEL\",\"description\":\"Sme odborn\u00edci na zv\u00e1ranie s dlhoro\u010dn\u00fdmi sk\u00fasenos\u0165ami.\",\"publisher\":{\"@id\":\"https:\/\/www.srweldingsteel.com\/#organization\"},\"potentialAction\":[{\"@type\":\"SearchAction\",\"target\":{\"@type\":\"EntryPoint\",\"urlTemplate\":\"https:\/\/www.srweldingsteel.com\/?s={search_term_string}\"},\"query-input\":{\"@type\":\"PropertyValueSpecification\",\"valueRequired\":true,\"valueName\":\"search_term_string\"}}],\"inLanguage\":\"de\"},{\"@type\":\"Organization\",\"@id\":\"https:\/\/www.srweldingsteel.com\/#organization\",\"name\":\"S.R.-WELDINGSTEEL\",\"url\":\"https:\/\/www.srweldingsteel.com\/\",\"logo\":{\"@type\":\"ImageObject\",\"inLanguage\":\"de\",\"@id\":\"https:\/\/www.srweldingsteel.com\/#\/schema\/logo\/image\/\",\"url\":\"https:\/\/www.srweldingsteel.com\/wp-content\/uploads\/2023\/11\/logo-1.png\",\"contentUrl\":\"https:\/\/www.srweldingsteel.com\/wp-content\/uploads\/2023\/11\/logo-1.png\",\"width\":1024,\"height\":1024,\"caption\":\"S.R.-WELDINGSTEEL\"},\"image\":{\"@id\":\"https:\/\/www.srweldingsteel.com\/#\/schema\/logo\/image\/\"},\"sameAs\":[\"https:\/\/www.facebook.com\/srweldingsteel\",\"https:\/\/www.instagram.com\/s.r._weldingsteel\/\",\"https:\/\/www.linkedin.com\/company\/s-r-weldingsteel\/\"]}]}<\/script>\n<!-- \/ Yoast SEO plugin. -->","yoast_head_json":{"title":"Skilltests | S.R.-WELDINGSTEEL","robots":{"index":"index","follow":"follow","max-snippet":"max-snippet:-1","max-image-preview":"max-image-preview:large","max-video-preview":"max-video-preview:-1"},"canonical":"https:\/\/www.srweldingsteel.com\/de\/schweisserschule\/geschicklichkeitstests\/","og_locale":"de_DE","og_type":"article","og_title":"Skilltests | S.R.-WELDINGSTEEL","og_description":"[vc_row][vc_column][\/vc_column][\/vc_row][vc_row equal_height=&#8220;yes&#8220; woodmart_bg_position=&#8220;right-center&#8220; css=&#8220;.vc_custom_1738155592611{margin-top: 80px !important;margin-bottom: 80px !important;padding-left: 32px !important;background-color: #ffffff !important;background-position: center !important;background-repeat: no-repeat !important;background-size: contain !important;}&#8220; woodmart_css_id=&#8220;679a263f5f7fc&#8220; responsive_spacing=&#8220;eyJwYXJhbV90eXBlIjoid29vZG1hcnRfcmVzcG9uc2l2ZV9zcGFjaW5nIiwic2VsZWN0b3JfaWQiOiI2NzlhMjYzZjVmN2ZjIiwic2hvcnRjb2RlIjoidmNfcm93IiwiZGF0YSI6eyJ0YWJsZXQiOnsicGFkZGluZy10b3AiOiIwcHgiLCJwYWRkaW5nLXJpZ2h0IjoiMHB4IiwicGFkZGluZy1ib3R0b20iOiIwcHgiLCJwYWRkaW5nLWxlZnQiOiIwcHgifSwibW9iaWxlIjp7InBhZGRpbmctdG9wIjoiMHB4IiwicGFkZGluZy1yaWdodCI6IjBweCIsInBhZGRpbmctYm90dG9tIjoiMHB4IiwicGFkZGluZy1sZWZ0IjoiMHB4In19fQ==&#8220;","og_url":"https:\/\/www.srweldingsteel.com\/de\/schweisserschule\/geschicklichkeitstests\/","og_site_name":"S.R.-WELDINGSTEEL","article_publisher":"https:\/\/www.facebook.com\/srweldingsteel","article_modified_time":"2025-08-14T10:04:28+00:00","og_image":[{"width":704,"height":480,"url":"https:\/\/www.srweldingsteel.com\/wp-content\/uploads\/2023\/11\/individual-approach.png","type":"image\/png"}],"twitter_card":"summary_large_image","twitter_misc":{"Gesch\u00e4tzte Lesezeit":"5\u00a0Minuten"},"schema":{"@context":"https:\/\/schema.org","@graph":[{"@type":"WebPage","@id":"https:\/\/www.srweldingsteel.com\/de\/schweisserschule\/geschicklichkeitstests\/","url":"https:\/\/www.srweldingsteel.com\/de\/schweisserschule\/geschicklichkeitstests\/","name":"Skilltests | S.R.-WELDINGSTEEL","isPartOf":{"@id":"https:\/\/www.srweldingsteel.com\/#website"},"datePublished":"2025-02-03T12:21:45+00:00","dateModified":"2025-08-14T10:04:28+00:00","breadcrumb":{"@id":"https:\/\/www.srweldingsteel.com\/de\/schweisserschule\/geschicklichkeitstests\/#breadcrumb"},"inLanguage":"de","potentialAction":[{"@type":"ReadAction","target":["https:\/\/www.srweldingsteel.com\/de\/schweisserschule\/geschicklichkeitstests\/"]}]},{"@type":"BreadcrumbList","@id":"https:\/\/www.srweldingsteel.com\/de\/schweisserschule\/geschicklichkeitstests\/#breadcrumb","itemListElement":[{"@type":"ListItem","position":1,"name":"Domov","item":"https:\/\/www.srweldingsteel.com\/"},{"@type":"ListItem","position":2,"name":"Schwei\u00dferschule","item":"https:\/\/www.srweldingsteel.com\/de\/schweisserschule\/"},{"@type":"ListItem","position":3,"name":"Skilltests"}]},{"@type":"WebSite","@id":"https:\/\/www.srweldingsteel.com\/#website","url":"https:\/\/www.srweldingsteel.com\/","name":"S.R.-WELDINGSTEEL","description":"Sme odborn\u00edci na zv\u00e1ranie s dlhoro\u010dn\u00fdmi sk\u00fasenos\u0165ami.","publisher":{"@id":"https:\/\/www.srweldingsteel.com\/#organization"},"potentialAction":[{"@type":"SearchAction","target":{"@type":"EntryPoint","urlTemplate":"https:\/\/www.srweldingsteel.com\/?s={search_term_string}"},"query-input":{"@type":"PropertyValueSpecification","valueRequired":true,"valueName":"search_term_string"}}],"inLanguage":"de"},{"@type":"Organization","@id":"https:\/\/www.srweldingsteel.com\/#organization","name":"S.R.-WELDINGSTEEL","url":"https:\/\/www.srweldingsteel.com\/","logo":{"@type":"ImageObject","inLanguage":"de","@id":"https:\/\/www.srweldingsteel.com\/#\/schema\/logo\/image\/","url":"https:\/\/www.srweldingsteel.com\/wp-content\/uploads\/2023\/11\/logo-1.png","contentUrl":"https:\/\/www.srweldingsteel.com\/wp-content\/uploads\/2023\/11\/logo-1.png","width":1024,"height":1024,"caption":"S.R.-WELDINGSTEEL"},"image":{"@id":"https:\/\/www.srweldingsteel.com\/#\/schema\/logo\/image\/"},"sameAs":["https:\/\/www.facebook.com\/srweldingsteel","https:\/\/www.instagram.com\/s.r._weldingsteel\/","https:\/\/www.linkedin.com\/company\/s-r-weldingsteel\/"]}]}},"_links":{"self":[{"href":"https:\/\/www.srweldingsteel.com\/de\/wp-json\/wp\/v2\/pages\/1890","targetHints":{"allow":["GET"]}}],"collection":[{"href":"https:\/\/www.srweldingsteel.com\/de\/wp-json\/wp\/v2\/pages"}],"about":[{"href":"https:\/\/www.srweldingsteel.com\/de\/wp-json\/wp\/v2\/types\/page"}],"author":[{"embeddable":true,"href":"https:\/\/www.srweldingsteel.com\/de\/wp-json\/wp\/v2\/users\/1"}],"replies":[{"embeddable":true,"href":"https:\/\/www.srweldingsteel.com\/de\/wp-json\/wp\/v2\/comments?post=1890"}],"version-history":[{"count":3,"href":"https:\/\/www.srweldingsteel.com\/de\/wp-json\/wp\/v2\/pages\/1890\/revisions"}],"predecessor-version":[{"id":1990,"href":"https:\/\/www.srweldingsteel.com\/de\/wp-json\/wp\/v2\/pages\/1890\/revisions\/1990"}],"up":[{"embeddable":true,"href":"https:\/\/www.srweldingsteel.com\/de\/wp-json\/wp\/v2\/pages\/1316"}],"wp:attachment":[{"href":"https:\/\/www.srweldingsteel.com\/de\/wp-json\/wp\/v2\/media?parent=1890"}],"curies":[{"name":"wp","href":"https:\/\/api.w.org\/{rel}","templated":true}]}}