{"id":1314,"date":"2023-12-15T18:02:15","date_gmt":"2023-12-15T17:02:15","guid":{"rendered":"https:\/\/www.srweldingsteel.com\/datenschutzbestimmungen\/"},"modified":"2023-12-15T18:02:15","modified_gmt":"2023-12-15T17:02:15","slug":"datenschutzbestimmungen","status":"publish","type":"page","link":"https:\/\/www.srweldingsteel.com\/de\/datenschutzbestimmungen\/","title":{"rendered":"Datenschutzbestimmungen"},"content":{"rendered":"&#13;\n<h2 class=\"wp-block-heading\">Wer wir sind<\/h2>&#13;\n&#13;\n<p>Vorgeschlagener Text: Die Adresse unserer Website lautet: https:\/\/www.srweldingsteel.com.<\/p>&#13;\n&#13;\n<h2 class=\"wp-block-heading\">Kommentare<\/h2>&#13;\n&#13;\n<p>Textvorschlag: Wenn Website-Besucher Kommentare auf der Website hinterlassen, erfassen wir die Daten, die im Kommentarformular angezeigt werden, sowie die IP-Adresse der Nutzer und den User Agent des Browsers zum Schutz vor Spam.<\/p>&#13;\n&#13;\n<p>Eine anonymisierte Zeichenfolge, die aus Ihrer E-Mail-Adresse erstellt wird (auch Hash genannt), kann Gravatar zur Verf\u00fcgung gestellt werden, um zu \u00fcberpr\u00fcfen, dass Sie es verwenden. Die Datenschutzbestimmungen von Gravatar finden Sie unter: https:\/\/automattic.com\/privacy\/. Sobald Ihr Kommentar genehmigt wurde, wird Ihr Profilfoto zusammen mit dem Inhalt Ihres Kommentars \u00f6ffentlich angezeigt.<\/p>&#13;\n&#13;\n<h2 class=\"wp-block-heading\">Multimedia<\/h2>&#13;\n&#13;\n<p>Empfohlener Text: Wenn Sie Bilder auf eine Website hochladen, sollten Sie es vermeiden, Bilder mit EXIF-GPS-Standortdaten hochzuladen. Die Besucher der Website k\u00f6nnen alle Standortdaten von den Bildern herunterladen und anzeigen.<\/p>&#13;\n&#13;\n<h2 class=\"wp-block-heading\">Cookies Dateien<\/h2>&#13;\n&#13;\n<p>Textvorschlag: Wenn Sie einen Kommentar auf unserer Website abgeben, k\u00f6nnen Sie der Speicherung Ihres Namens, Ihrer E-Mail-Adresse und Ihrer Website in Cookies zustimmen. Dies dient Ihrer Bequemlichkeit, damit Sie Ihre Daten nicht erneut eingeben m\u00fcssen, wenn Sie Ihren n\u00e4chsten Kommentar abgeben. Diese Cookies sind ein Jahr lang g\u00fcltig.<\/p>&#13;\n&#13;\n<p>Wenn Sie unsere Anmeldeseite besuchen, speichern wir tempor\u00e4re Cookies, um festzustellen, ob Ihr Browser Cookies zul\u00e4sst. Diese Cookies enthalten keine pers\u00f6nlichen Informationen und werden gel\u00f6scht, wenn Sie Ihren Browser schlie\u00dfen.<\/p>&#13;\n&#13;\n<p>Wenn Sie sich anmelden, setzen wir eine Reihe von Cookies, um Ihre Anmeldedaten und Anzeigeeinstellungen zu speichern. Login-Cookies sind zwei Tage lang g\u00fcltig, Display-Einstellungen ein Jahr lang. Wenn Sie die Option &#8222;Merken&#8220; w\u00e4hlen, ist Ihr Login zwei Wochen lang g\u00fcltig. Wenn Sie sich von Ihrem Konto abmelden, werden die Cookies gel\u00f6scht.<\/p>&#13;\n&#13;\n<p>Wenn Sie einen Artikel bearbeiten oder ver\u00f6ffentlichen, werden zus\u00e4tzliche Cookies in Ihrem Browser gespeichert. Diese Cookies enthalten keine pers\u00f6nlichen Daten und beziehen sich nur auf die ID des Artikels, den Sie bearbeitet haben. Die Dateien sind 1 Tag lang g\u00fcltig.<\/p>&#13;\n&#13;\n<h2 class=\"wp-block-heading\">Eingebettete Inhalte von anderen Websites<\/h2>&#13;\n&#13;\n<p>Textvorschlag: Die Artikel auf dieser Website k\u00f6nnen eingebettete Inhalte enthalten (z. B. Videos, Bilder, Artikel usw.). Eingebettete Inhalte von anderen Websites verhalten sich genauso, als ob der Besucher eine andere Website besucht h\u00e4tte.<\/p>&#13;\n&#13;\n<p>Diese Websites k\u00f6nnen pers\u00f6nliche Daten \u00fcber Sie sammeln, Cookies verwenden, Tracking durch Dritte einbetten und Ihre Interaktion mit eingebetteten Inhalten \u00fcberwachen, einschlie\u00dflich der Verfolgung Ihrer Interaktion mit eingebetteten Inhalten, wenn Sie ein Konto haben und auf dieser Website angemeldet sind.<\/p>&#13;\n&#13;\n<h2 class=\"wp-block-heading\">Mit wem wir Ihre Daten teilen<\/h2>&#13;\n&#13;\n<p>Textvorschlag: Wenn Sie eine Passwortr\u00fccksetzung anfordern, wird Ihre IP-Adresse in der E-Mail zur Passwortr\u00fccksetzung aufgef\u00fchrt.<\/p>&#13;\n&#13;\n<h2 class=\"wp-block-heading\">Wie lange wir Ihre Daten aufbewahren<\/h2>&#13;\n&#13;\n<p>Textvorschlag: Beim Hinzuf\u00fcgen eines Kommentars werden der Kommentar und seine Metadaten getrennt gehalten. Auf diese Weise k\u00f6nnen wir automatisch alle zugeh\u00f6rigen Kommentare erkennen und genehmigen, ohne sie zur Moderation zur\u00fcckhalten zu m\u00fcssen.<\/p>&#13;\n&#13;\n<p>Bei Nutzern, die sich auf unserer Website registrieren (falls vorhanden), speichern wir die von ihnen angegebenen personenbezogenen Daten auch in ihrem Nutzerprofil. Alle Nutzer k\u00f6nnen ihre pers\u00f6nlichen Daten (mit Ausnahme von Nutzer\u00e4nderungen) jederzeit einsehen, bearbeiten oder l\u00f6schen. Website-Administratoren k\u00f6nnen diese Informationen ebenfalls einsehen und bearbeiten.<\/p>&#13;\n&#13;\n<h2 class=\"wp-block-heading\">Welche Rechte Sie an Ihren Daten haben<\/h2>&#13;\n&#13;\n<p>Textvorschlag: Wenn Sie ein Konto auf dieser Website haben oder hier einen Kommentar abgegeben haben, k\u00f6nnen Sie einen Export der von uns \u00fcber Sie gespeicherten personenbezogenen Daten beantragen, einschlie\u00dflich der Daten, die Sie uns zur Verf\u00fcgung gestellt haben. Sie k\u00f6nnen auch die L\u00f6schung Ihrer personenbezogenen Daten beantragen. Dies gilt jedoch nicht f\u00fcr Daten, die wir aus administrativen, rechtlichen oder sicherheitstechnischen Gr\u00fcnden aufbewahren m\u00fcssen.<\/p>&#13;\n&#13;\n<h2 class=\"wp-block-heading\">Wohin Ihre Daten gesendet werden<\/h2>&#13;\n&#13;\n<p>Vorgeschlagener Text: Besucherkommentare k\u00f6nnen von einem automatischen Spam-Erkennungsdienst \u00fcberpr\u00fcft werden.<\/p>&#13;\n","protected":false},"excerpt":{"rendered":"<p>&#13; Wer wir sind &#13; &#13; Vorgeschlagener Text: Die Adresse unserer Website lautet: https:\/\/...","protected":false},"author":1,"featured_media":0,"parent":0,"menu_order":0,"comment_status":"closed","ping_status":"closed","template":"","meta":{"_acf_changed":false,"footnotes":""},"class_list":["post-1314","page","type-page","status-publish","hentry"],"acf":[],"yoast_head":"<!-- This site is optimized with the Yoast SEO plugin v23.6 - https:\/\/yoast.com\/wordpress\/plugins\/seo\/ -->\n<title>Datenschutzbestimmungen | S.R.-WELDINGSTEEL<\/title>\n<meta name=\"robots\" content=\"index, follow, max-snippet:-1, max-image-preview:large, max-video-preview:-1\" \/>\n<link rel=\"canonical\" href=\"https:\/\/www.srweldingsteel.com\/de\/datenschutzbestimmungen\/\" \/>\n<meta property=\"og:locale\" content=\"de_DE\" \/>\n<meta property=\"og:type\" content=\"article\" \/>\n<meta property=\"og:title\" content=\"Datenschutzbestimmungen | S.R.-WELDINGSTEEL\" \/>\n<meta property=\"og:description\" content=\"&#013; Wer wir sind &#013; &#013; Vorgeschlagener Text: Die Adresse unserer Website lautet: https:\/\/www.srweldingsteel.com. &#013; &#013; Kommentare &#013; &#013; Textvorschlag:\" \/>\n<meta property=\"og:url\" content=\"https:\/\/www.srweldingsteel.com\/de\/datenschutzbestimmungen\/\" \/>\n<meta property=\"og:site_name\" content=\"S.R.-WELDINGSTEEL\" \/>\n<meta property=\"article:publisher\" content=\"https:\/\/www.facebook.com\/srweldingsteel\" \/>\n<meta property=\"og:image\" content=\"https:\/\/www.srweldingsteel.com\/wp-content\/uploads\/2023\/11\/individual-approach.png\" \/>\n\t<meta property=\"og:image:width\" content=\"704\" \/>\n\t<meta property=\"og:image:height\" content=\"480\" \/>\n\t<meta property=\"og:image:type\" content=\"image\/png\" \/>\n<meta name=\"twitter:card\" content=\"summary_large_image\" \/>\n<meta name=\"twitter:label1\" content=\"Gesch\u00e4tzte Lesezeit\" \/>\n\t<meta name=\"twitter:data1\" content=\"3\u00a0Minuten\" \/>\n<script type=\"application\/ld+json\" class=\"yoast-schema-graph\">{\"@context\":\"https:\/\/schema.org\",\"@graph\":[{\"@type\":\"WebPage\",\"@id\":\"https:\/\/www.srweldingsteel.com\/de\/datenschutzbestimmungen\/\",\"url\":\"https:\/\/www.srweldingsteel.com\/de\/datenschutzbestimmungen\/\",\"name\":\"Datenschutzbestimmungen | S.R.-WELDINGSTEEL\",\"isPartOf\":{\"@id\":\"https:\/\/www.srweldingsteel.com\/#website\"},\"datePublished\":\"2023-12-15T17:02:15+00:00\",\"dateModified\":\"2023-12-15T17:02:15+00:00\",\"breadcrumb\":{\"@id\":\"https:\/\/www.srweldingsteel.com\/de\/datenschutzbestimmungen\/#breadcrumb\"},\"inLanguage\":\"de\",\"potentialAction\":[{\"@type\":\"ReadAction\",\"target\":[\"https:\/\/www.srweldingsteel.com\/de\/datenschutzbestimmungen\/\"]}]},{\"@type\":\"BreadcrumbList\",\"@id\":\"https:\/\/www.srweldingsteel.com\/de\/datenschutzbestimmungen\/#breadcrumb\",\"itemListElement\":[{\"@type\":\"ListItem\",\"position\":1,\"name\":\"Domov\",\"item\":\"https:\/\/www.srweldingsteel.com\/\"},{\"@type\":\"ListItem\",\"position\":2,\"name\":\"Datenschutzbestimmungen\"}]},{\"@type\":\"WebSite\",\"@id\":\"https:\/\/www.srweldingsteel.com\/#website\",\"url\":\"https:\/\/www.srweldingsteel.com\/\",\"name\":\"S.R.-WELDINGSTEEL\",\"description\":\"Sme odborn\u00edci na zv\u00e1ranie s dlhoro\u010dn\u00fdmi sk\u00fasenos\u0165ami.\",\"publisher\":{\"@id\":\"https:\/\/www.srweldingsteel.com\/#organization\"},\"potentialAction\":[{\"@type\":\"SearchAction\",\"target\":{\"@type\":\"EntryPoint\",\"urlTemplate\":\"https:\/\/www.srweldingsteel.com\/?s={search_term_string}\"},\"query-input\":{\"@type\":\"PropertyValueSpecification\",\"valueRequired\":true,\"valueName\":\"search_term_string\"}}],\"inLanguage\":\"de\"},{\"@type\":\"Organization\",\"@id\":\"https:\/\/www.srweldingsteel.com\/#organization\",\"name\":\"S.R.-WELDINGSTEEL\",\"url\":\"https:\/\/www.srweldingsteel.com\/\",\"logo\":{\"@type\":\"ImageObject\",\"inLanguage\":\"de\",\"@id\":\"https:\/\/www.srweldingsteel.com\/#\/schema\/logo\/image\/\",\"url\":\"https:\/\/www.srweldingsteel.com\/wp-content\/uploads\/2023\/11\/logo-1.png\",\"contentUrl\":\"https:\/\/www.srweldingsteel.com\/wp-content\/uploads\/2023\/11\/logo-1.png\",\"width\":1024,\"height\":1024,\"caption\":\"S.R.-WELDINGSTEEL\"},\"image\":{\"@id\":\"https:\/\/www.srweldingsteel.com\/#\/schema\/logo\/image\/\"},\"sameAs\":[\"https:\/\/www.facebook.com\/srweldingsteel\",\"https:\/\/www.instagram.com\/s.r._weldingsteel\/\",\"https:\/\/www.linkedin.com\/company\/s-r-weldingsteel\/\"]}]}<\/script>\n<!-- \/ Yoast SEO plugin. -->","yoast_head_json":{"title":"Datenschutzbestimmungen | S.R.-WELDINGSTEEL","robots":{"index":"index","follow":"follow","max-snippet":"max-snippet:-1","max-image-preview":"max-image-preview:large","max-video-preview":"max-video-preview:-1"},"canonical":"https:\/\/www.srweldingsteel.com\/de\/datenschutzbestimmungen\/","og_locale":"de_DE","og_type":"article","og_title":"Datenschutzbestimmungen | S.R.-WELDINGSTEEL","og_description":"&#13; Wer wir sind &#13; &#13; Vorgeschlagener Text: Die Adresse unserer Website lautet: https:\/\/www.srweldingsteel.com. &#13; &#13; Kommentare &#13; &#13; Textvorschlag:","og_url":"https:\/\/www.srweldingsteel.com\/de\/datenschutzbestimmungen\/","og_site_name":"S.R.-WELDINGSTEEL","article_publisher":"https:\/\/www.facebook.com\/srweldingsteel","og_image":[{"width":704,"height":480,"url":"https:\/\/www.srweldingsteel.com\/wp-content\/uploads\/2023\/11\/individual-approach.png","type":"image\/png"}],"twitter_card":"summary_large_image","twitter_misc":{"Gesch\u00e4tzte Lesezeit":"3\u00a0Minuten"},"schema":{"@context":"https:\/\/schema.org","@graph":[{"@type":"WebPage","@id":"https:\/\/www.srweldingsteel.com\/de\/datenschutzbestimmungen\/","url":"https:\/\/www.srweldingsteel.com\/de\/datenschutzbestimmungen\/","name":"Datenschutzbestimmungen | S.R.-WELDINGSTEEL","isPartOf":{"@id":"https:\/\/www.srweldingsteel.com\/#website"},"datePublished":"2023-12-15T17:02:15+00:00","dateModified":"2023-12-15T17:02:15+00:00","breadcrumb":{"@id":"https:\/\/www.srweldingsteel.com\/de\/datenschutzbestimmungen\/#breadcrumb"},"inLanguage":"de","potentialAction":[{"@type":"ReadAction","target":["https:\/\/www.srweldingsteel.com\/de\/datenschutzbestimmungen\/"]}]},{"@type":"BreadcrumbList","@id":"https:\/\/www.srweldingsteel.com\/de\/datenschutzbestimmungen\/#breadcrumb","itemListElement":[{"@type":"ListItem","position":1,"name":"Domov","item":"https:\/\/www.srweldingsteel.com\/"},{"@type":"ListItem","position":2,"name":"Datenschutzbestimmungen"}]},{"@type":"WebSite","@id":"https:\/\/www.srweldingsteel.com\/#website","url":"https:\/\/www.srweldingsteel.com\/","name":"S.R.-WELDINGSTEEL","description":"Sme odborn\u00edci na zv\u00e1ranie s dlhoro\u010dn\u00fdmi sk\u00fasenos\u0165ami.","publisher":{"@id":"https:\/\/www.srweldingsteel.com\/#organization"},"potentialAction":[{"@type":"SearchAction","target":{"@type":"EntryPoint","urlTemplate":"https:\/\/www.srweldingsteel.com\/?s={search_term_string}"},"query-input":{"@type":"PropertyValueSpecification","valueRequired":true,"valueName":"search_term_string"}}],"inLanguage":"de"},{"@type":"Organization","@id":"https:\/\/www.srweldingsteel.com\/#organization","name":"S.R.-WELDINGSTEEL","url":"https:\/\/www.srweldingsteel.com\/","logo":{"@type":"ImageObject","inLanguage":"de","@id":"https:\/\/www.srweldingsteel.com\/#\/schema\/logo\/image\/","url":"https:\/\/www.srweldingsteel.com\/wp-content\/uploads\/2023\/11\/logo-1.png","contentUrl":"https:\/\/www.srweldingsteel.com\/wp-content\/uploads\/2023\/11\/logo-1.png","width":1024,"height":1024,"caption":"S.R.-WELDINGSTEEL"},"image":{"@id":"https:\/\/www.srweldingsteel.com\/#\/schema\/logo\/image\/"},"sameAs":["https:\/\/www.facebook.com\/srweldingsteel","https:\/\/www.instagram.com\/s.r._weldingsteel\/","https:\/\/www.linkedin.com\/company\/s-r-weldingsteel\/"]}]}},"_links":{"self":[{"href":"https:\/\/www.srweldingsteel.com\/de\/wp-json\/wp\/v2\/pages\/1314","targetHints":{"allow":["GET"]}}],"collection":[{"href":"https:\/\/www.srweldingsteel.com\/de\/wp-json\/wp\/v2\/pages"}],"about":[{"href":"https:\/\/www.srweldingsteel.com\/de\/wp-json\/wp\/v2\/types\/page"}],"author":[{"embeddable":true,"href":"https:\/\/www.srweldingsteel.com\/de\/wp-json\/wp\/v2\/users\/1"}],"replies":[{"embeddable":true,"href":"https:\/\/www.srweldingsteel.com\/de\/wp-json\/wp\/v2\/comments?post=1314"}],"version-history":[{"count":1,"href":"https:\/\/www.srweldingsteel.com\/de\/wp-json\/wp\/v2\/pages\/1314\/revisions"}],"predecessor-version":[{"id":1315,"href":"https:\/\/www.srweldingsteel.com\/de\/wp-json\/wp\/v2\/pages\/1314\/revisions\/1315"}],"wp:attachment":[{"href":"https:\/\/www.srweldingsteel.com\/de\/wp-json\/wp\/v2\/media?parent=1314"}],"curies":[{"name":"wp","href":"https:\/\/api.w.org\/{rel}","templated":true}]}}