{"id":1280,"date":"2023-12-15T17:14:29","date_gmt":"2023-12-15T16:14:29","guid":{"rendered":"https:\/\/www.srweldingsteel.com\/cookies\/"},"modified":"2023-12-15T17:14:29","modified_gmt":"2023-12-15T16:14:29","slug":"cookies","status":"publish","type":"page","link":"https:\/\/www.srweldingsteel.com\/de\/cookies\/","title":{"rendered":"Cookies"},"content":{"rendered":"<h1>Cookies<\/h1>\n<p>&nbsp;<\/p>\n","protected":false},"excerpt":{"rendered":"<p>Cookies &nbsp;<\/p>\n","protected":false},"author":1,"featured_media":0,"parent":0,"menu_order":0,"comment_status":"closed","ping_status":"closed","template":"","meta":{"_acf_changed":false,"footnotes":""},"class_list":["post-1280","page","type-page","status-publish","hentry"],"acf":[],"yoast_head":"<!-- This site is optimized with the Yoast SEO plugin v23.6 - https:\/\/yoast.com\/wordpress\/plugins\/seo\/ -->\n<title>Cookies | S.R.-WELDINGSTEEL<\/title>\n<meta name=\"robots\" content=\"index, follow, max-snippet:-1, max-image-preview:large, max-video-preview:-1\" \/>\n<link rel=\"canonical\" href=\"https:\/\/www.srweldingsteel.com\/cookies\/\" \/>\n<meta property=\"og:locale\" content=\"de_DE\" \/>\n<meta property=\"og:type\" content=\"article\" \/>\n<meta property=\"og:title\" content=\"Cookies | S.R.-WELDINGSTEEL\" \/>\n<meta property=\"og:description\" content=\"Cookies &nbsp;\" \/>\n<meta property=\"og:url\" content=\"https:\/\/www.srweldingsteel.com\/cookies\/\" \/>\n<meta property=\"og:site_name\" content=\"S.R.-WELDINGSTEEL\" \/>\n<meta property=\"article:publisher\" content=\"https:\/\/www.facebook.com\/srweldingsteel\" \/>\n<meta property=\"og:image\" content=\"https:\/\/www.srweldingsteel.com\/wp-content\/uploads\/2023\/11\/individual-approach.png\" \/>\n\t<meta property=\"og:image:width\" content=\"704\" \/>\n\t<meta property=\"og:image:height\" content=\"480\" \/>\n\t<meta property=\"og:image:type\" content=\"image\/png\" \/>\n<meta name=\"twitter:card\" content=\"summary_large_image\" \/>\n<script type=\"application\/ld+json\" class=\"yoast-schema-graph\">{\"@context\":\"https:\/\/schema.org\",\"@graph\":[{\"@type\":\"WebPage\",\"@id\":\"https:\/\/www.srweldingsteel.com\/cookies\/\",\"url\":\"https:\/\/www.srweldingsteel.com\/cookies\/\",\"name\":\"Cookies | S.R.-WELDINGSTEEL\",\"isPartOf\":{\"@id\":\"https:\/\/www.srweldingsteel.com\/#website\"},\"datePublished\":\"2023-12-15T16:14:29+00:00\",\"dateModified\":\"2023-12-15T16:14:29+00:00\",\"breadcrumb\":{\"@id\":\"https:\/\/www.srweldingsteel.com\/cookies\/#breadcrumb\"},\"inLanguage\":\"de\",\"potentialAction\":[{\"@type\":\"ReadAction\",\"target\":[\"https:\/\/www.srweldingsteel.com\/cookies\/\"]}]},{\"@type\":\"BreadcrumbList\",\"@id\":\"https:\/\/www.srweldingsteel.com\/cookies\/#breadcrumb\",\"itemListElement\":[{\"@type\":\"ListItem\",\"position\":1,\"name\":\"Domov\",\"item\":\"https:\/\/www.srweldingsteel.com\/\"},{\"@type\":\"ListItem\",\"position\":2,\"name\":\"Cookies\"}]},{\"@type\":\"WebSite\",\"@id\":\"https:\/\/www.srweldingsteel.com\/#website\",\"url\":\"https:\/\/www.srweldingsteel.com\/\",\"name\":\"S.R.-WELDINGSTEEL\",\"description\":\"Sme odborn\u00edci na zv\u00e1ranie s dlhoro\u010dn\u00fdmi sk\u00fasenos\u0165ami.\",\"publisher\":{\"@id\":\"https:\/\/www.srweldingsteel.com\/#organization\"},\"potentialAction\":[{\"@type\":\"SearchAction\",\"target\":{\"@type\":\"EntryPoint\",\"urlTemplate\":\"https:\/\/www.srweldingsteel.com\/?s={search_term_string}\"},\"query-input\":{\"@type\":\"PropertyValueSpecification\",\"valueRequired\":true,\"valueName\":\"search_term_string\"}}],\"inLanguage\":\"de\"},{\"@type\":\"Organization\",\"@id\":\"https:\/\/www.srweldingsteel.com\/#organization\",\"name\":\"S.R.-WELDINGSTEEL\",\"url\":\"https:\/\/www.srweldingsteel.com\/\",\"logo\":{\"@type\":\"ImageObject\",\"inLanguage\":\"de\",\"@id\":\"https:\/\/www.srweldingsteel.com\/#\/schema\/logo\/image\/\",\"url\":\"https:\/\/www.srweldingsteel.com\/wp-content\/uploads\/2023\/11\/logo-1.png\",\"contentUrl\":\"https:\/\/www.srweldingsteel.com\/wp-content\/uploads\/2023\/11\/logo-1.png\",\"width\":1024,\"height\":1024,\"caption\":\"S.R.-WELDINGSTEEL\"},\"image\":{\"@id\":\"https:\/\/www.srweldingsteel.com\/#\/schema\/logo\/image\/\"},\"sameAs\":[\"https:\/\/www.facebook.com\/srweldingsteel\",\"https:\/\/www.instagram.com\/s.r._weldingsteel\/\",\"https:\/\/www.linkedin.com\/company\/s-r-weldingsteel\/\"]}]}<\/script>\n<!-- \/ Yoast SEO plugin. -->","yoast_head_json":{"title":"Cookies | S.R.-WELDINGSTEEL","robots":{"index":"index","follow":"follow","max-snippet":"max-snippet:-1","max-image-preview":"max-image-preview:large","max-video-preview":"max-video-preview:-1"},"canonical":"https:\/\/www.srweldingsteel.com\/cookies\/","og_locale":"de_DE","og_type":"article","og_title":"Cookies | S.R.-WELDINGSTEEL","og_description":"Cookies &nbsp;","og_url":"https:\/\/www.srweldingsteel.com\/cookies\/","og_site_name":"S.R.-WELDINGSTEEL","article_publisher":"https:\/\/www.facebook.com\/srweldingsteel","og_image":[{"width":704,"height":480,"url":"https:\/\/www.srweldingsteel.com\/wp-content\/uploads\/2023\/11\/individual-approach.png","type":"image\/png"}],"twitter_card":"summary_large_image","schema":{"@context":"https:\/\/schema.org","@graph":[{"@type":"WebPage","@id":"https:\/\/www.srweldingsteel.com\/cookies\/","url":"https:\/\/www.srweldingsteel.com\/cookies\/","name":"Cookies | S.R.-WELDINGSTEEL","isPartOf":{"@id":"https:\/\/www.srweldingsteel.com\/#website"},"datePublished":"2023-12-15T16:14:29+00:00","dateModified":"2023-12-15T16:14:29+00:00","breadcrumb":{"@id":"https:\/\/www.srweldingsteel.com\/cookies\/#breadcrumb"},"inLanguage":"de","potentialAction":[{"@type":"ReadAction","target":["https:\/\/www.srweldingsteel.com\/cookies\/"]}]},{"@type":"BreadcrumbList","@id":"https:\/\/www.srweldingsteel.com\/cookies\/#breadcrumb","itemListElement":[{"@type":"ListItem","position":1,"name":"Domov","item":"https:\/\/www.srweldingsteel.com\/"},{"@type":"ListItem","position":2,"name":"Cookies"}]},{"@type":"WebSite","@id":"https:\/\/www.srweldingsteel.com\/#website","url":"https:\/\/www.srweldingsteel.com\/","name":"S.R.-WELDINGSTEEL","description":"Sme odborn\u00edci na zv\u00e1ranie s dlhoro\u010dn\u00fdmi sk\u00fasenos\u0165ami.","publisher":{"@id":"https:\/\/www.srweldingsteel.com\/#organization"},"potentialAction":[{"@type":"SearchAction","target":{"@type":"EntryPoint","urlTemplate":"https:\/\/www.srweldingsteel.com\/?s={search_term_string}"},"query-input":{"@type":"PropertyValueSpecification","valueRequired":true,"valueName":"search_term_string"}}],"inLanguage":"de"},{"@type":"Organization","@id":"https:\/\/www.srweldingsteel.com\/#organization","name":"S.R.-WELDINGSTEEL","url":"https:\/\/www.srweldingsteel.com\/","logo":{"@type":"ImageObject","inLanguage":"de","@id":"https:\/\/www.srweldingsteel.com\/#\/schema\/logo\/image\/","url":"https:\/\/www.srweldingsteel.com\/wp-content\/uploads\/2023\/11\/logo-1.png","contentUrl":"https:\/\/www.srweldingsteel.com\/wp-content\/uploads\/2023\/11\/logo-1.png","width":1024,"height":1024,"caption":"S.R.-WELDINGSTEEL"},"image":{"@id":"https:\/\/www.srweldingsteel.com\/#\/schema\/logo\/image\/"},"sameAs":["https:\/\/www.facebook.com\/srweldingsteel","https:\/\/www.instagram.com\/s.r._weldingsteel\/","https:\/\/www.linkedin.com\/company\/s-r-weldingsteel\/"]}]}},"_links":{"self":[{"href":"https:\/\/www.srweldingsteel.com\/de\/wp-json\/wp\/v2\/pages\/1280","targetHints":{"allow":["GET"]}}],"collection":[{"href":"https:\/\/www.srweldingsteel.com\/de\/wp-json\/wp\/v2\/pages"}],"about":[{"href":"https:\/\/www.srweldingsteel.com\/de\/wp-json\/wp\/v2\/types\/page"}],"author":[{"embeddable":true,"href":"https:\/\/www.srweldingsteel.com\/de\/wp-json\/wp\/v2\/users\/1"}],"replies":[{"embeddable":true,"href":"https:\/\/www.srweldingsteel.com\/de\/wp-json\/wp\/v2\/comments?post=1280"}],"version-history":[{"count":0,"href":"https:\/\/www.srweldingsteel.com\/de\/wp-json\/wp\/v2\/pages\/1280\/revisions"}],"wp:attachment":[{"href":"https:\/\/www.srweldingsteel.com\/de\/wp-json\/wp\/v2\/media?parent=1280"}],"curies":[{"name":"wp","href":"https:\/\/api.w.org\/{rel}","templated":true}]}}